{"id":3118,"date":"2025-05-09T16:37:08","date_gmt":"2025-05-09T14:37:08","guid":{"rendered":"https:\/\/corporate.lookingforbooking.nl\/datenschutzerklaerung\/"},"modified":"2025-10-07T13:17:44","modified_gmt":"2025-10-07T11:17:44","slug":"datenschutzerklaerung","status":"publish","type":"page","link":"https:\/\/corporate.lookingforbooking.nl\/de\/datenschutzerklaerung\/","title":{"rendered":"Datenschutzerkl\u00e4rung"},"content":{"rendered":"\t\t<div data-elementor-type=\"wp-page\" data-elementor-id=\"3118\" class=\"elementor elementor-3118 elementor-2438\" data-elementor-post-type=\"page\">\n\t\t\t\t<div class=\"elementor-element elementor-element-8bdca9a e-flex e-con-boxed e-con e-parent\" data-id=\"8bdca9a\" data-element_type=\"container\" data-e-type=\"container\" data-settings=\"{&quot;background_background&quot;:&quot;classic&quot;}\">\n\t\t\t\t\t<div class=\"e-con-inner\">\n\t\t\t\t<div class=\"elementor-element elementor-element-bf8ce9a elementor-invisible elementor-widget elementor-widget-heading\" data-id=\"bf8ce9a\" data-element_type=\"widget\" data-e-type=\"widget\" data-settings=\"{&quot;_animation&quot;:&quot;fadeIn&quot;}\" data-widget_type=\"heading.default\">\n\t\t\t\t<div class=\"elementor-widget-container\">\n\t\t\t\t\t<h3 class=\"elementor-heading-title elementor-size-default\"><br>Datenschutzerkl\u00e4rung Looking for Booking B.V.<\/h3>\t\t\t\t<\/div>\n\t\t\t\t<\/div>\n\t\t\t\t<div class=\"elementor-element elementor-element-8b8f168 elementor-widget elementor-widget-text-editor\" data-id=\"8b8f168\" data-element_type=\"widget\" data-e-type=\"widget\" data-widget_type=\"text-editor.default\">\n\t\t\t\t<div class=\"elementor-widget-container\">\n\t\t\t\t\t\t\t\t\t<p>Personenbezogene Daten der Besucher werden mit gr\u00f6\u00dftm\u00f6glicher Sorgfalt behandelt und gesch\u00fctzt.<br>Looking for Booking B.V., ein Teil der Bencom Group B.V., h\u00e4lt sich in allen F\u00e4llen an die Anforderungen der DSGVO (Datenschutz-Grundverordnung).<br>Im Folgenden wird erl\u00e4utert, welche Daten wir erheben, zu welchen Zwecken, wie wir diese Daten erhalten, welche Rechte Sie haben und wie Sie diese aus\u00fcben k\u00f6nnen.  <\/p><p><strong>Begriffsbestimmungen<\/strong><br>In dieser Richtlinie gilt Folgendes:<\/p><ul><li>LookingforBooking: LookingforBooking B.V., der Verantwortliche, mit Sitz in Groningen (Niederlande), Verlengde Hereweg 174.<\/li><li>Personenbezogene Daten: alle Daten, die sich auf eine identifizierte oder identifizierbare nat\u00fcrliche Person beziehen.<\/li><li>Verarbeitung personenbezogener Daten: jeder Vorgang oder jede Gesamtheit von Vorg\u00e4ngen im Zusammenhang mit personenbezogenen Daten \u2013 von deren Erhebung bis hin zur L\u00f6schung.<\/li><li>Besucher: eine Person, die unsere Website besucht, ohne zwingend ein Abonnent oder kostenlos registrierter Nutzer zu sein.<br><br><\/li><\/ul><p><strong>Aktiv bereitgestellte Informationen<\/strong><br>Wenn Sie das Kontaktformular verwenden, \u00fcbermitteln Sie Ihre (personenbezogenen) Daten (wie Name, Vorname, E-Mail-Adresse und Telefonnummer) \u00fcber eine gesicherte Verbindung an LookingforBooking, sodass Dritte keinen Zugriff auf Ihre Daten haben.<\/p><div><strong>Passiv bereitgestellte Informationen<\/strong><br>Beim Surfen im Internet erm\u00f6glichen Sie uns \u2013 m\u00f6glicherweise ohne es zu bemerken \u2013 (und eventuell auch anderen), Daten \u00fcber Sie zu sammeln. Beispiele hierf\u00fcr sind die IP-Adresse des Computers, mit dem Sie im Internet surfen, das Betriebssystem, der verwendete Internetbrowser sowie die Webseiten, die Sie aufrufen.    <\/div><div> <\/div><div><strong>Cookies<\/strong><\/div><div>LookingforBooking verwendet Cookies, um den Besuchern ein optimales Benutzererlebnis zu bieten.<br>Cookies sind kleine Textdateien, die auf dem System des Besuchers gespeichert werden.<br>Wir verwenden die folgenden Arten von Cookies:  <\/div><ul><li>Funktionale Cookies:<br>Die Einstellungen der Besucher, die Vergleiche durchf\u00fchren, werden verschl\u00fcsselt mit einem eindeutigen Schl\u00fcssel auf unserem Server gespeichert.<br>Dieser eindeutige Schl\u00fcssel wird in Ihrem Cookie hinterlegt. <\/li><li>Analyse-Cookies:<br>Die Besucherzahlen werden mithilfe von Tools wie Google Analytics erfasst, wof\u00fcr Cookies gesetzt werden.<\/li><\/ul><p><strong><br>Welche Informationen werden mit diesen Cookies erfasst?<br><\/strong>Dabei kann es sich um Daten handeln, die Sie auf der Website eingegeben haben.<br>Dar\u00fcber hinaus werden durch Analyse-Cookies Benutzer-IDs gesetzt, mit denen nachverfolgt werden kann, welche Seiten Sie besucht haben.<br>Diese Cookies enthalten keine personenbezogenen Daten.<br>LookingforBooking kann Cookies daher nicht zur pers\u00f6nlichen Identifizierung Ihrer Person verwenden.   <\/p><p><strong>Wer hat Zugang zu diesen Daten?<br><\/strong>Die funktionalen Cookies, die sich auf den Betrieb der Website beziehen, k\u00f6nnen von LookingforBooking eingesehen werden.<br>Die durch Google Analytics gesetzten Analyse-Cookies k\u00f6nnen von Google abgerufen werden.<br>Google verwendet Cookies, um sich daran zu erinnern, dass Sie unsere Website besucht haben.<br>Lesen Sie hier mehr \u00fcber die Richtlinien von Google zu Werbe-Cookies oder erfahren Sie mehr \u00fcber die Verwaltung von Google-Werbeanzeigen.   <\/p><p>Mit den folgenden Partnern arbeitet LookingforBooking zusammen, die jeweils ein Cookie setzen:<\/p><ul><li>Google Analytics<\/li><li>Google Tag Manager<\/li><\/ul><p><br>LookingforBooking hat keinen Zugriff auf die Daten, die in den Analyse-Cookies gespeichert sind.<\/p><p><strong>Aktivieren, Deaktivieren und L\u00f6schen von Cookies<\/strong><br>Wie Sie Cookies aktivieren, deaktivieren oder l\u00f6schen, erfahren Sie in der Hilfe-Funktion Ihres Browsers.<\/p><p><strong>Zweck und Inhalt der Datenverarbeitung<\/strong><br>Die Daten werden verwendet, um:<\/p><ul><li>Informationen \u00fcber unsere Dienstleistungen bereitzustellen.<\/li><li>Gesetzlichen Vorschriften und Regelungen zu entsprechen.<br><br><\/li><\/ul><p><strong>Speicherung personenbezogener Daten<\/strong><br>Ihre personenbezogenen Daten werden bei LookingforBooking nicht l\u00e4nger aufbewahrt, als es f\u00fcr die Zwecke, f\u00fcr die sie erhoben oder verwendet werden, erforderlich ist.<\/p><p><strong>Weitergabe personenbezogener Daten<\/strong><br>LookingforBooking gibt Ihre Daten nicht an Dritte weiter, au\u00dfer wenn dies zur Abwicklung von Buchungen erforderlich ist oder wenn gesetzliche Vorschriften uns dazu verpflichten.   <\/p><p><strong>Recht auf Auskunft und Berichtigung<\/strong><br>Sie haben jederzeit das Recht auf Einsicht in die Daten, die LookingforBooking \u00fcber Sie gespeichert hat.<br>Zudem haben Sie das Recht, diese Daten berichtigen zu lassen oder unrichtige Daten l\u00f6schen zu lassen. <\/p><p>Sie k\u00f6nnen diese Daten anfordern, indem Sie eine E-Mail von der E-Mail-Adresse senden, deren Daten Sie einsehen oder \u00e4ndern m\u00f6chten. Senden Sie diese E-Mail an privacy@bencom.nl. Sie erhalten dann innerhalb von vier Wochen eine \u00dcbersicht von uns.  <\/p><p><strong>Recht auf Daten\u00fcbertragbarkeit<\/strong><br>Sie haben jederzeit das Recht, die bei LookingforBooking gespeicherten Daten an eine andere Organisation \u00fcbertragen zu lassen.<br>Sie k\u00f6nnen dieses Anliegen per E-Mail einreichen, indem Sie eine Nachricht an privacy@bencom.nl senden. <\/p><p><strong>Recht auf Widerspruch und Vergessenwerden<\/strong><br>Wenn Sie keine Informationen mehr von uns erhalten m\u00f6chten oder Ihre Einwilligung zur Nutzung Ihrer E-Mail-Adresse oder Mobiltelefonnummer widerrufen wollen, k\u00f6nnen Sie dies schriftlich per E-Mail mitteilen oder den Abmeldelink am Ende der empfangenen E-Mail verwenden.<br>Innerhalb eines Monats wird der Versand der entsprechenden E-Mails eingestellt. <\/p><p>Wenn Sie Ihre Registrierung bei LookingforBooking beenden, werden Ihre personenbezogenen Daten auf Ihren Wunsch aus unserer Datenbank gel\u00f6scht,<br>sofern keine gesetzliche Verpflichtung besteht, diese l\u00e4nger aufzubewahren.<\/p><p><strong>Vertraulichkeit<\/strong><br>Die Mitarbeitenden von LookingforBooking, LookingforBooking selbst sowie alle Personen, die im Auftrag von LookingforBooking Zugang zu personenbezogenen Daten haben, sind zur Vertraulichkeit dieser Daten verpflichtet \u2013<br>es sei denn, sie sind aufgrund gesetzlicher Vorschriften verpflichtet, Ausk\u00fcnfte zu erteilen.<strong><br><\/strong><\/p><p><strong>Sicherheit<\/strong><br>Um den Zugriff auf Ihre personenbezogenen Daten durch Unbefugte zu verhindern, hat LookingforBooking verschiedene Sicherheitsma\u00dfnahmen ergriffen.<strong><br><\/strong><\/p><p>Die Website wird bei Microsoft Azure in den Niederlanden gehostet.<\/p><p><strong>Frage, Tipp oder Beschwerde?<br><\/strong>Haben Sie eine Frage, Anregung oder Beschwerde an LookingforBooking in Bezug auf den Datenschutz oder Ihre pers\u00f6nlichen Daten?<br>Sie k\u00f6nnen uns unter privacy@bencom.nl erreichen.<br>Sollten wir gemeinsam keine L\u00f6sung finden, k\u00f6nnen Sie eine Beschwerde bei der niederl\u00e4ndischen Datenschutzbeh\u00f6rde (Autoriteit Persoonsgegevens) einreichen.  <\/p><p><strong>Inkrafttreten und \u00c4nderung der Richtlinie<\/strong><br>Diese Datenschutzerkl\u00e4rung ist am 19. Juni 2003 in Kraft getreten.<br>LookingforBooking beh\u00e4lt sich das Recht vor, bei Bedarf \u00c4nderungen an dieser Datenschutzerkl\u00e4rung vorzunehmen.<br>Diese \u00c4nderungen werden jedoch niemals gegen die Anforderungen der Datenschutz-Grundverordnung (DSGVO) versto\u00dfen.  <strong><br><\/strong><\/p><p>Etwaige Anpassungen treten mit sofortiger Wirkung in Kraft. Wir empfehlen Ihnen, diese Datenschutzerkl\u00e4rung regelm\u00e4\u00dfig zur Kenntnis zu nehmen. Fragen zu dieser Richtlinie k\u00f6nnen Sie uns per E-Mail zusenden.  <\/p><p><strong>Aktualisiert: 27.12.2024<\/strong><\/p>\t\t\t\t\t\t\t\t<\/div>\n\t\t\t\t<\/div>\n\t\t\t\t\t<\/div>\n\t\t\t\t<\/div>\n\t\t\t\t<\/div>\n\t\t","protected":false},"excerpt":{"rendered":"<p>Datenschutzerkl\u00e4rung Looking for Booking B.V. Personenbezogene Daten der Besucher werden mit gr\u00f6\u00dftm\u00f6glicher Sorgfalt behandelt und gesch\u00fctzt.Looking for Booking B.V., ein Teil der Bencom Group B.V., h\u00e4lt sich in allen F\u00e4llen an die Anforderungen der DSGVO (Datenschutz-Grundverordnung).Im Folgenden wird erl\u00e4utert, welche Daten wir erheben, zu welchen Zwecken, wie wir diese Daten erhalten, welche Rechte Sie haben [&hellip;]<\/p>\n","protected":false},"author":7,"featured_media":2889,"parent":0,"menu_order":0,"comment_status":"closed","ping_status":"closed","template":"elementor_header_footer","meta":{"footnotes":""},"class_list":["post-3118","page","type-page","status-publish","has-post-thumbnail","hentry"],"yoast_head":"<!-- This site is optimized with the Yoast SEO plugin v27.4 - https:\/\/yoast.com\/product\/yoast-seo-wordpress\/ -->\n<title>Datenschutzerkl\u00e4rung - LookingforBooking Corporate Travel<\/title>\n<meta name=\"robots\" content=\"index, follow, max-snippet:-1, max-image-preview:large, max-video-preview:-1\" \/>\n<link rel=\"canonical\" href=\"https:\/\/corporate.lookingforbooking.nl\/de\/datenschutzerklaerung\/\" \/>\n<meta property=\"og:locale\" content=\"de_DE\" \/>\n<meta property=\"og:type\" content=\"article\" \/>\n<meta property=\"og:title\" content=\"Datenschutzerkl\u00e4rung - LookingforBooking Corporate Travel\" \/>\n<meta property=\"og:description\" content=\"Datenschutzerkl\u00e4rung Looking for Booking B.V. Personenbezogene Daten der Besucher werden mit gr\u00f6\u00dftm\u00f6glicher Sorgfalt behandelt und gesch\u00fctzt.Looking for Booking B.V., ein Teil der Bencom Group B.V., h\u00e4lt sich in allen F\u00e4llen an die Anforderungen der DSGVO (Datenschutz-Grundverordnung).Im Folgenden wird erl\u00e4utert, welche Daten wir erheben, zu welchen Zwecken, wie wir diese Daten erhalten, welche Rechte Sie haben [&hellip;]\" \/>\n<meta property=\"og:url\" content=\"https:\/\/corporate.lookingforbooking.nl\/de\/datenschutzerklaerung\/\" \/>\n<meta property=\"og:site_name\" content=\"LookingforBooking Corporate Travel\" \/>\n<meta property=\"article:modified_time\" content=\"2025-10-07T11:17:44+00:00\" \/>\n<meta property=\"og:image\" content=\"https:\/\/corporate.lookingforbooking.nl\/wp-content\/uploads\/2025\/02\/Shareimage-compleetaanbod.jpg\" \/>\n\t<meta property=\"og:image:width\" content=\"400\" \/>\n\t<meta property=\"og:image:height\" content=\"380\" \/>\n\t<meta property=\"og:image:type\" content=\"image\/jpeg\" \/>\n<meta name=\"twitter:card\" content=\"summary_large_image\" \/>\n<meta name=\"twitter:label1\" content=\"Gesch\u00e4tzte Lesezeit\" \/>\n\t<meta name=\"twitter:data1\" content=\"5\u00a0Minuten\" \/>\n<script type=\"application\/ld+json\" class=\"yoast-schema-graph\">{\"@context\":\"https:\\\/\\\/schema.org\",\"@graph\":[{\"@type\":\"WebPage\",\"@id\":\"https:\\\/\\\/corporate.lookingforbooking.nl\\\/de\\\/datenschutzerklaerung\\\/\",\"url\":\"https:\\\/\\\/corporate.lookingforbooking.nl\\\/de\\\/datenschutzerklaerung\\\/\",\"name\":\"Datenschutzerkl\u00e4rung - LookingforBooking Corporate Travel\",\"isPartOf\":{\"@id\":\"https:\\\/\\\/corporate.lookingforbooking.nl\\\/de\\\/#website\"},\"primaryImageOfPage\":{\"@id\":\"https:\\\/\\\/corporate.lookingforbooking.nl\\\/de\\\/datenschutzerklaerung\\\/#primaryimage\"},\"image\":{\"@id\":\"https:\\\/\\\/corporate.lookingforbooking.nl\\\/de\\\/datenschutzerklaerung\\\/#primaryimage\"},\"thumbnailUrl\":\"https:\\\/\\\/corporate.lookingforbooking.nl\\\/wp-content\\\/uploads\\\/2025\\\/02\\\/Shareimage-compleetaanbod.jpg\",\"datePublished\":\"2025-05-09T14:37:08+00:00\",\"dateModified\":\"2025-10-07T11:17:44+00:00\",\"breadcrumb\":{\"@id\":\"https:\\\/\\\/corporate.lookingforbooking.nl\\\/de\\\/datenschutzerklaerung\\\/#breadcrumb\"},\"inLanguage\":\"de\",\"potentialAction\":[{\"@type\":\"ReadAction\",\"target\":[\"https:\\\/\\\/corporate.lookingforbooking.nl\\\/de\\\/datenschutzerklaerung\\\/\"]}]},{\"@type\":\"ImageObject\",\"inLanguage\":\"de\",\"@id\":\"https:\\\/\\\/corporate.lookingforbooking.nl\\\/de\\\/datenschutzerklaerung\\\/#primaryimage\",\"url\":\"https:\\\/\\\/corporate.lookingforbooking.nl\\\/wp-content\\\/uploads\\\/2025\\\/02\\\/Shareimage-compleetaanbod.jpg\",\"contentUrl\":\"https:\\\/\\\/corporate.lookingforbooking.nl\\\/wp-content\\\/uploads\\\/2025\\\/02\\\/Shareimage-compleetaanbod.jpg\",\"width\":400,\"height\":380},{\"@type\":\"BreadcrumbList\",\"@id\":\"https:\\\/\\\/corporate.lookingforbooking.nl\\\/de\\\/datenschutzerklaerung\\\/#breadcrumb\",\"itemListElement\":[{\"@type\":\"ListItem\",\"position\":1,\"name\":\"Home\",\"item\":\"https:\\\/\\\/corporate.lookingforbooking.nl\\\/de\\\/startseite\\\/\"},{\"@type\":\"ListItem\",\"position\":2,\"name\":\"Datenschutzerkl\u00e4rung\"}]},{\"@type\":\"WebSite\",\"@id\":\"https:\\\/\\\/corporate.lookingforbooking.nl\\\/de\\\/#website\",\"url\":\"https:\\\/\\\/corporate.lookingforbooking.nl\\\/de\\\/\",\"name\":\"LookingforBooking Corporate Travel\",\"description\":\"Bespaar op je zakelijke hotelkosten\",\"publisher\":{\"@id\":\"https:\\\/\\\/corporate.lookingforbooking.nl\\\/de\\\/#organization\"},\"potentialAction\":[{\"@type\":\"SearchAction\",\"target\":{\"@type\":\"EntryPoint\",\"urlTemplate\":\"https:\\\/\\\/corporate.lookingforbooking.nl\\\/de\\\/?s={search_term_string}\"},\"query-input\":{\"@type\":\"PropertyValueSpecification\",\"valueRequired\":true,\"valueName\":\"search_term_string\"}}],\"inLanguage\":\"de\"},{\"@type\":\"Organization\",\"@id\":\"https:\\\/\\\/corporate.lookingforbooking.nl\\\/de\\\/#organization\",\"name\":\"LookingforBooking Corporate Travel\",\"url\":\"https:\\\/\\\/corporate.lookingforbooking.nl\\\/de\\\/\",\"logo\":{\"@type\":\"ImageObject\",\"inLanguage\":\"de\",\"@id\":\"https:\\\/\\\/corporate.lookingforbooking.nl\\\/de\\\/#\\\/schema\\\/logo\\\/image\\\/\",\"url\":\"https:\\\/\\\/corporate.lookingforbooking.nl\\\/wp-content\\\/uploads\\\/2025\\\/01\\\/l4b-white-1.svg\",\"contentUrl\":\"https:\\\/\\\/corporate.lookingforbooking.nl\\\/wp-content\\\/uploads\\\/2025\\\/01\\\/l4b-white-1.svg\",\"width\":452,\"height\":60,\"caption\":\"LookingforBooking Corporate Travel\"},\"image\":{\"@id\":\"https:\\\/\\\/corporate.lookingforbooking.nl\\\/de\\\/#\\\/schema\\\/logo\\\/image\\\/\"}}]}<\/script>\n<!-- \/ Yoast SEO plugin. -->","yoast_head_json":{"title":"Datenschutzerkl\u00e4rung - LookingforBooking Corporate Travel","robots":{"index":"index","follow":"follow","max-snippet":"max-snippet:-1","max-image-preview":"max-image-preview:large","max-video-preview":"max-video-preview:-1"},"canonical":"https:\/\/corporate.lookingforbooking.nl\/de\/datenschutzerklaerung\/","og_locale":"de_DE","og_type":"article","og_title":"Datenschutzerkl\u00e4rung - LookingforBooking Corporate Travel","og_description":"Datenschutzerkl\u00e4rung Looking for Booking B.V. Personenbezogene Daten der Besucher werden mit gr\u00f6\u00dftm\u00f6glicher Sorgfalt behandelt und gesch\u00fctzt.Looking for Booking B.V., ein Teil der Bencom Group B.V., h\u00e4lt sich in allen F\u00e4llen an die Anforderungen der DSGVO (Datenschutz-Grundverordnung).Im Folgenden wird erl\u00e4utert, welche Daten wir erheben, zu welchen Zwecken, wie wir diese Daten erhalten, welche Rechte Sie haben [&hellip;]","og_url":"https:\/\/corporate.lookingforbooking.nl\/de\/datenschutzerklaerung\/","og_site_name":"LookingforBooking Corporate Travel","article_modified_time":"2025-10-07T11:17:44+00:00","og_image":[{"width":400,"height":380,"url":"https:\/\/corporate.lookingforbooking.nl\/wp-content\/uploads\/2025\/02\/Shareimage-compleetaanbod.jpg","type":"image\/jpeg"}],"twitter_card":"summary_large_image","twitter_misc":{"Gesch\u00e4tzte Lesezeit":"5\u00a0Minuten"},"schema":{"@context":"https:\/\/schema.org","@graph":[{"@type":"WebPage","@id":"https:\/\/corporate.lookingforbooking.nl\/de\/datenschutzerklaerung\/","url":"https:\/\/corporate.lookingforbooking.nl\/de\/datenschutzerklaerung\/","name":"Datenschutzerkl\u00e4rung - LookingforBooking Corporate Travel","isPartOf":{"@id":"https:\/\/corporate.lookingforbooking.nl\/de\/#website"},"primaryImageOfPage":{"@id":"https:\/\/corporate.lookingforbooking.nl\/de\/datenschutzerklaerung\/#primaryimage"},"image":{"@id":"https:\/\/corporate.lookingforbooking.nl\/de\/datenschutzerklaerung\/#primaryimage"},"thumbnailUrl":"https:\/\/corporate.lookingforbooking.nl\/wp-content\/uploads\/2025\/02\/Shareimage-compleetaanbod.jpg","datePublished":"2025-05-09T14:37:08+00:00","dateModified":"2025-10-07T11:17:44+00:00","breadcrumb":{"@id":"https:\/\/corporate.lookingforbooking.nl\/de\/datenschutzerklaerung\/#breadcrumb"},"inLanguage":"de","potentialAction":[{"@type":"ReadAction","target":["https:\/\/corporate.lookingforbooking.nl\/de\/datenschutzerklaerung\/"]}]},{"@type":"ImageObject","inLanguage":"de","@id":"https:\/\/corporate.lookingforbooking.nl\/de\/datenschutzerklaerung\/#primaryimage","url":"https:\/\/corporate.lookingforbooking.nl\/wp-content\/uploads\/2025\/02\/Shareimage-compleetaanbod.jpg","contentUrl":"https:\/\/corporate.lookingforbooking.nl\/wp-content\/uploads\/2025\/02\/Shareimage-compleetaanbod.jpg","width":400,"height":380},{"@type":"BreadcrumbList","@id":"https:\/\/corporate.lookingforbooking.nl\/de\/datenschutzerklaerung\/#breadcrumb","itemListElement":[{"@type":"ListItem","position":1,"name":"Home","item":"https:\/\/corporate.lookingforbooking.nl\/de\/startseite\/"},{"@type":"ListItem","position":2,"name":"Datenschutzerkl\u00e4rung"}]},{"@type":"WebSite","@id":"https:\/\/corporate.lookingforbooking.nl\/de\/#website","url":"https:\/\/corporate.lookingforbooking.nl\/de\/","name":"LookingforBooking Corporate Travel","description":"Bespaar op je zakelijke hotelkosten","publisher":{"@id":"https:\/\/corporate.lookingforbooking.nl\/de\/#organization"},"potentialAction":[{"@type":"SearchAction","target":{"@type":"EntryPoint","urlTemplate":"https:\/\/corporate.lookingforbooking.nl\/de\/?s={search_term_string}"},"query-input":{"@type":"PropertyValueSpecification","valueRequired":true,"valueName":"search_term_string"}}],"inLanguage":"de"},{"@type":"Organization","@id":"https:\/\/corporate.lookingforbooking.nl\/de\/#organization","name":"LookingforBooking Corporate Travel","url":"https:\/\/corporate.lookingforbooking.nl\/de\/","logo":{"@type":"ImageObject","inLanguage":"de","@id":"https:\/\/corporate.lookingforbooking.nl\/de\/#\/schema\/logo\/image\/","url":"https:\/\/corporate.lookingforbooking.nl\/wp-content\/uploads\/2025\/01\/l4b-white-1.svg","contentUrl":"https:\/\/corporate.lookingforbooking.nl\/wp-content\/uploads\/2025\/01\/l4b-white-1.svg","width":452,"height":60,"caption":"LookingforBooking Corporate Travel"},"image":{"@id":"https:\/\/corporate.lookingforbooking.nl\/de\/#\/schema\/logo\/image\/"}}]}},"_links":{"self":[{"href":"https:\/\/corporate.lookingforbooking.nl\/de\/wp-json\/wp\/v2\/pages\/3118","targetHints":{"allow":["GET"]}}],"collection":[{"href":"https:\/\/corporate.lookingforbooking.nl\/de\/wp-json\/wp\/v2\/pages"}],"about":[{"href":"https:\/\/corporate.lookingforbooking.nl\/de\/wp-json\/wp\/v2\/types\/page"}],"author":[{"embeddable":true,"href":"https:\/\/corporate.lookingforbooking.nl\/de\/wp-json\/wp\/v2\/users\/7"}],"replies":[{"embeddable":true,"href":"https:\/\/corporate.lookingforbooking.nl\/de\/wp-json\/wp\/v2\/comments?post=3118"}],"version-history":[{"count":0,"href":"https:\/\/corporate.lookingforbooking.nl\/de\/wp-json\/wp\/v2\/pages\/3118\/revisions"}],"wp:featuredmedia":[{"embeddable":true,"href":"https:\/\/corporate.lookingforbooking.nl\/de\/wp-json\/wp\/v2\/media\/2889"}],"wp:attachment":[{"href":"https:\/\/corporate.lookingforbooking.nl\/de\/wp-json\/wp\/v2\/media?parent=3118"}],"curies":[{"name":"wp","href":"https:\/\/api.w.org\/{rel}","templated":true}]}}