{"id":3123,"date":"2025-02-12T17:26:35","date_gmt":"2025-02-12T15:26:35","guid":{"rendered":"https:\/\/corporate.lookingforbooking.nl\/travel-und-office-manager\/"},"modified":"2025-11-05T16:24:42","modified_gmt":"2025-11-05T14:24:42","slug":"travel-und-office-manager","status":"publish","type":"page","link":"https:\/\/corporate.lookingforbooking.nl\/de\/travel-und-office-manager\/","title":{"rendered":"Travel- und Office-Manager"},"content":{"rendered":"\t\t<div data-elementor-type=\"wp-page\" data-elementor-id=\"3123\" class=\"elementor elementor-3123 elementor-2088\" data-elementor-post-type=\"page\">\n\t\t\t\t<div class=\"elementor-element elementor-element-6ef3847 e-flex e-con-boxed e-con e-parent\" data-id=\"6ef3847\" data-element_type=\"container\" data-e-type=\"container\" data-settings=\"{&quot;background_background&quot;:&quot;classic&quot;}\">\n\t\t\t\t\t<div class=\"e-con-inner\">\n\t\t<div class=\"elementor-element elementor-element-389266b e-con-full e-flex e-con e-child\" data-id=\"389266b\" data-element_type=\"container\" data-e-type=\"container\">\n\t\t<div class=\"elementor-element elementor-element-6582246 e-flex e-con-boxed e-con e-child\" data-id=\"6582246\" data-element_type=\"container\" data-e-type=\"container\">\n\t\t\t\t\t<div class=\"e-con-inner\">\n\t\t\t\t<div class=\"elementor-element elementor-element-4eb2282 elementor-widget elementor-widget-heading\" data-id=\"4eb2282\" data-element_type=\"widget\" data-e-type=\"widget\" data-widget_type=\"heading.default\">\n\t\t\t\t<div class=\"elementor-widget-container\">\n\t\t\t\t\t<h2 class=\"elementor-heading-title elementor-size-default\">Zeitersparnis und zufriedene Kollegen.<\/h2>\t\t\t\t<\/div>\n\t\t\t\t<\/div>\n\t\t\t\t<div class=\"elementor-element elementor-element-1202800 elementor-widget elementor-widget-heading\" data-id=\"1202800\" data-element_type=\"widget\" data-e-type=\"widget\" data-widget_type=\"heading.default\">\n\t\t\t\t<div class=\"elementor-widget-container\">\n\t\t\t\t\t<h2 class=\"elementor-heading-title elementor-size-default\">LookingforBooking f\u00fcr Travel- und Office-Manager<\/h2>\t\t\t\t<\/div>\n\t\t\t\t<\/div>\n\t\t\t\t<div class=\"elementor-element elementor-element-d7b2c7f elementor-widget elementor-widget-text-editor\" data-id=\"d7b2c7f\" data-element_type=\"widget\" data-e-type=\"widget\" data-widget_type=\"text-editor.default\">\n\t\t\t\t<div class=\"elementor-widget-container\">\n\t\t\t\t\t\t\t\t\t<p>Die Buchung und Verwaltung von Gesch\u00e4ftsreisen muss keine zeitaufwendige Aufgabe sein.<br>Mit LookingforBooking organisieren Sie Hotels, Tagungspakete und Fl\u00fcge ganz einfach in einem benutzerfreundlichen Portal \u2013 egal, ob Sie selbst buchen oder Kolleginnen und Kollegen innerhalb vordefinierter Budgets buchen lassen. <\/p><p>Sie behalten den \u00dcberblick und die Kontrolle:<br>Mit Echtzeiteinblick in alle Reisebewegungen und einer einzigen Sammelrechnung ist die Verwaltung schnell und \u00fcbersichtlich erledigt.<br>So bleibt Ihnen mehr Zeit f\u00fcr wichtigere Aufgaben, w\u00e4hrend alles rund ums Reisen effizient und reibungslos organisiert ist. <\/p>\t\t\t\t\t\t\t\t<\/div>\n\t\t\t\t<\/div>\n\t\t\t\t\t<\/div>\n\t\t\t\t<\/div>\n\t\t\t\t<\/div>\n\t\t<div class=\"elementor-element elementor-element-e279e7c e-con-full e-flex e-con e-child\" data-id=\"e279e7c\" data-element_type=\"container\" data-e-type=\"container\" data-settings=\"{&quot;background_background&quot;:&quot;classic&quot;,&quot;motion_fx_motion_fx_scrolling&quot;:&quot;yes&quot;,&quot;motion_fx_translateY_effect&quot;:&quot;yes&quot;,&quot;motion_fx_translateY_direction&quot;:&quot;negative&quot;,&quot;motion_fx_translateY_speed&quot;:{&quot;unit&quot;:&quot;px&quot;,&quot;size&quot;:1,&quot;sizes&quot;:[]},&quot;motion_fx_translateY_affectedRange&quot;:{&quot;unit&quot;:&quot;%&quot;,&quot;size&quot;:&quot;&quot;,&quot;sizes&quot;:{&quot;start&quot;:0,&quot;end&quot;:100}},&quot;motion_fx_devices&quot;:[&quot;desktop&quot;,&quot;tablet&quot;,&quot;mobile&quot;]}\">\n\t\t\t\t<\/div>\n\t\t\t\t\t<\/div>\n\t\t\t\t<\/div>\n\t\t<div class=\"elementor-element elementor-element-6123c5f0 e-flex e-con-boxed e-con e-parent\" data-id=\"6123c5f0\" data-element_type=\"container\" data-e-type=\"container\" data-settings=\"{&quot;background_background&quot;:&quot;classic&quot;}\">\n\t\t\t\t\t<div class=\"e-con-inner\">\n\t\t<div class=\"elementor-element elementor-element-456fb802 e-con-full e-flex e-con e-child\" data-id=\"456fb802\" data-element_type=\"container\" data-e-type=\"container\" data-settings=\"{&quot;background_background&quot;:&quot;classic&quot;,&quot;motion_fx_motion_fx_scrolling&quot;:&quot;yes&quot;,&quot;motion_fx_translateX_effect&quot;:&quot;yes&quot;,&quot;motion_fx_translateX_speed&quot;:{&quot;unit&quot;:&quot;px&quot;,&quot;size&quot;:0.5,&quot;sizes&quot;:[]},&quot;motion_fx_devices&quot;:[&quot;desktop&quot;],&quot;motion_fx_translateX_affectedRange&quot;:{&quot;unit&quot;:&quot;%&quot;,&quot;size&quot;:&quot;&quot;,&quot;sizes&quot;:{&quot;start&quot;:0,&quot;end&quot;:100}}}\">\n\t\t\t\t<\/div>\n\t\t<div class=\"elementor-element elementor-element-51be0093 e-con-full e-flex e-con e-child\" data-id=\"51be0093\" data-element_type=\"container\" data-e-type=\"container\">\n\t\t<div class=\"elementor-element elementor-element-68ebf7fa e-con-full e-flex elementor-invisible e-con e-child\" data-id=\"68ebf7fa\" data-element_type=\"container\" data-e-type=\"container\" data-settings=\"{&quot;animation&quot;:&quot;slideInRight&quot;}\">\n\t\t<div class=\"elementor-element elementor-element-7884ea89 e-con-full e-flex elementor-invisible e-con e-child\" data-id=\"7884ea89\" data-element_type=\"container\" data-e-type=\"container\" data-settings=\"{&quot;background_background&quot;:&quot;classic&quot;,&quot;animation&quot;:&quot;fadeIn&quot;,&quot;animation_delay&quot;:900}\">\n\t\t\t\t<\/div>\n\t\t\t\t<div class=\"elementor-element elementor-element-2b1d9f5 elementor-view-framed elementor-shape-square elementor-position-inline-start elementor-mobile-position-block-start elementor-widget elementor-widget-icon-box\" data-id=\"2b1d9f5\" data-element_type=\"widget\" data-e-type=\"widget\" data-widget_type=\"icon-box.default\">\n\t\t\t\t<div class=\"elementor-widget-container\">\n\t\t\t\t\t\t\t<div class=\"elementor-icon-box-wrapper\">\n\n\t\t\t\t\t\t<div class=\"elementor-icon-box-icon\">\n\t\t\t\t<span  class=\"elementor-icon\">\n\t\t\t\t<svg aria-hidden=\"true\" class=\"e-font-icon-svg e-fas-check\" viewBox=\"0 0 512 512\" xmlns=\"http:\/\/www.w3.org\/2000\/svg\"><path d=\"M173.898 439.404l-166.4-166.4c-9.997-9.997-9.997-26.206 0-36.204l36.203-36.204c9.997-9.998 26.207-9.998 36.204 0L192 312.69 432.095 72.596c9.997-9.997 26.207-9.997 36.204 0l36.203 36.204c9.997 9.997 9.997 26.206 0 36.204l-294.4 294.401c-9.998 9.997-26.207 9.997-36.204-.001z\"><\/path><\/svg>\t\t\t\t<\/span>\n\t\t\t<\/div>\n\t\t\t\n\t\t\t\t\t\t<div class=\"elementor-icon-box-content\">\n\n\t\t\t\t\t\t\t\t\t<h3 class=\"elementor-icon-box-title\">\n\t\t\t\t\t\t<span  >\n\t\t\t\t\t\t\tEin Portal f\u00fcr alle Reisebed\u00fcrfnisse: Fl\u00fcge, Hotels und mehr.\t\t\t\t\t\t<\/span>\n\t\t\t\t\t<\/h3>\n\t\t\t\t\n\t\t\t\t\n\t\t\t<\/div>\n\t\t\t\n\t\t<\/div>\n\t\t\t\t\t\t<\/div>\n\t\t\t\t<\/div>\n\t\t\t\t<\/div>\n\t\t<div class=\"elementor-element elementor-element-1435aa2d e-flex e-con-boxed elementor-invisible e-con e-child\" data-id=\"1435aa2d\" data-element_type=\"container\" data-e-type=\"container\" data-settings=\"{&quot;animation&quot;:&quot;slideInRight&quot;,&quot;animation_delay&quot;:300}\">\n\t\t\t\t\t<div class=\"e-con-inner\">\n\t\t<div class=\"elementor-element elementor-element-5f0dc11d e-con-full e-flex elementor-invisible e-con e-child\" data-id=\"5f0dc11d\" data-element_type=\"container\" data-e-type=\"container\" data-settings=\"{&quot;background_background&quot;:&quot;classic&quot;,&quot;animation&quot;:&quot;fadeIn&quot;,&quot;animation_delay&quot;:900}\">\n\t\t\t\t<\/div>\n\t\t\t\t<div class=\"elementor-element elementor-element-41099ca0 elementor-view-framed elementor-shape-square elementor-position-inline-start elementor-mobile-position-block-start elementor-widget elementor-widget-icon-box\" data-id=\"41099ca0\" data-element_type=\"widget\" data-e-type=\"widget\" data-widget_type=\"icon-box.default\">\n\t\t\t\t<div class=\"elementor-widget-container\">\n\t\t\t\t\t\t\t<div class=\"elementor-icon-box-wrapper\">\n\n\t\t\t\t\t\t<div class=\"elementor-icon-box-icon\">\n\t\t\t\t<span  class=\"elementor-icon\">\n\t\t\t\t<svg aria-hidden=\"true\" class=\"e-font-icon-svg e-fas-check\" viewBox=\"0 0 512 512\" xmlns=\"http:\/\/www.w3.org\/2000\/svg\"><path d=\"M173.898 439.404l-166.4-166.4c-9.997-9.997-9.997-26.206 0-36.204l36.203-36.204c9.997-9.998 26.207-9.998 36.204 0L192 312.69 432.095 72.596c9.997-9.997 26.207-9.997 36.204 0l36.203 36.204c9.997 9.997 9.997 26.206 0 36.204l-294.4 294.401c-9.998 9.997-26.207 9.997-36.204-.001z\"><\/path><\/svg>\t\t\t\t<\/span>\n\t\t\t<\/div>\n\t\t\t\n\t\t\t\t\t\t<div class=\"elementor-icon-box-content\">\n\n\t\t\t\t\t\t\t\t\t<h3 class=\"elementor-icon-box-title\">\n\t\t\t\t\t\t<span  >\n\t\t\t\t\t\t\tSelbst buchen \u2013 innerhalb festgelegter Budgets und Richtlinien.\t\t\t\t\t\t<\/span>\n\t\t\t\t\t<\/h3>\n\t\t\t\t\n\t\t\t\t\n\t\t\t<\/div>\n\t\t\t\n\t\t<\/div>\n\t\t\t\t\t\t<\/div>\n\t\t\t\t<\/div>\n\t\t\t\t\t<\/div>\n\t\t\t\t<\/div>\n\t\t<div class=\"elementor-element elementor-element-6f105a85 e-flex e-con-boxed elementor-invisible e-con e-child\" data-id=\"6f105a85\" data-element_type=\"container\" data-e-type=\"container\" data-settings=\"{&quot;animation&quot;:&quot;slideInRight&quot;,&quot;animation_delay&quot;:600}\">\n\t\t\t\t\t<div class=\"e-con-inner\">\n\t\t<div class=\"elementor-element elementor-element-4975fa67 e-con-full e-flex elementor-invisible e-con e-child\" data-id=\"4975fa67\" data-element_type=\"container\" data-e-type=\"container\" data-settings=\"{&quot;background_background&quot;:&quot;classic&quot;,&quot;animation&quot;:&quot;fadeIn&quot;,&quot;animation_delay&quot;:900}\">\n\t\t\t\t<\/div>\n\t\t\t\t<div class=\"elementor-element elementor-element-4f90f733 elementor-view-framed elementor-shape-square elementor-position-inline-start elementor-mobile-position-block-start elementor-widget elementor-widget-icon-box\" data-id=\"4f90f733\" data-element_type=\"widget\" data-e-type=\"widget\" data-widget_type=\"icon-box.default\">\n\t\t\t\t<div class=\"elementor-widget-container\">\n\t\t\t\t\t\t\t<div class=\"elementor-icon-box-wrapper\">\n\n\t\t\t\t\t\t<div class=\"elementor-icon-box-icon\">\n\t\t\t\t<span  class=\"elementor-icon\">\n\t\t\t\t<svg aria-hidden=\"true\" class=\"e-font-icon-svg e-fas-check\" viewBox=\"0 0 512 512\" xmlns=\"http:\/\/www.w3.org\/2000\/svg\"><path d=\"M173.898 439.404l-166.4-166.4c-9.997-9.997-9.997-26.206 0-36.204l36.203-36.204c9.997-9.998 26.207-9.998 36.204 0L192 312.69 432.095 72.596c9.997-9.997 26.207-9.997 36.204 0l36.203 36.204c9.997 9.997 9.997 26.206 0 36.204l-294.4 294.401c-9.998 9.997-26.207 9.997-36.204-.001z\"><\/path><\/svg>\t\t\t\t<\/span>\n\t\t\t<\/div>\n\t\t\t\n\t\t\t\t\t\t<div class=\"elementor-icon-box-content\">\n\n\t\t\t\t\t\t\t\t\t<h3 class=\"elementor-icon-box-title\">\n\t\t\t\t\t\t<span  >\n\t\t\t\t\t\t\tKeine einzelnen Spesenabrechnungen \u2013 alle Kosten auf einer \u00fcbersichtlichen Rechnung.\t\t\t\t\t\t<\/span>\n\t\t\t\t\t<\/h3>\n\t\t\t\t\n\t\t\t\t\n\t\t\t<\/div>\n\t\t\t\n\t\t<\/div>\n\t\t\t\t\t\t<\/div>\n\t\t\t\t<\/div>\n\t\t\t\t\t<\/div>\n\t\t\t\t<\/div>\n\t\t\t\t<\/div>\n\t\t\t\t\t<\/div>\n\t\t\t\t<\/div>\n\t\t<div class=\"elementor-element elementor-element-21ee68ae e-con-full e-flex e-con e-parent\" data-id=\"21ee68ae\" data-element_type=\"container\" data-e-type=\"container\" data-settings=\"{&quot;background_background&quot;:&quot;classic&quot;}\">\n\t\t<div class=\"elementor-element elementor-element-389af628 e-con-full e-flex e-con e-child\" data-id=\"389af628\" data-element_type=\"container\" data-e-type=\"container\">\n\t\t\t\t<div class=\"elementor-element elementor-element-30c2b644 elementor-invisible elementor-widget elementor-widget-heading\" data-id=\"30c2b644\" data-element_type=\"widget\" data-e-type=\"widget\" data-settings=\"{&quot;_animation&quot;:&quot;fadeIn&quot;}\" data-widget_type=\"heading.default\">\n\t\t\t\t<div class=\"elementor-widget-container\">\n\t\t\t\t\t<h2 class=\"elementor-heading-title elementor-size-default\">M\u00f6chten Sie mehr wissen? <\/h2>\t\t\t\t<\/div>\n\t\t\t\t<\/div>\n\t\t\t\t<div class=\"elementor-element elementor-element-3fb22825 elementor-widget elementor-widget-text-editor\" data-id=\"3fb22825\" data-element_type=\"widget\" data-e-type=\"widget\" data-settings=\"{&quot;_animation&quot;:&quot;none&quot;}\" data-widget_type=\"text-editor.default\">\n\t\t\t\t<div class=\"elementor-widget-container\">\n\t\t\t\t\t\t\t\t\t<p><span style=\"font-weight: 400;\">Vereinbaren Sie hier ein unverbindliches Gespr\u00e4ch mit einem unserer Agents.<\/span><\/p>\t\t\t\t\t\t\t\t<\/div>\n\t\t\t\t<\/div>\n\t\t\t\t<div class=\"elementor-element elementor-element-e374814 elementor-align-justify elementor-widget__width-initial elementor-widget-tablet__width-initial elementor-widget elementor-widget-button\" data-id=\"e374814\" data-element_type=\"widget\" data-e-type=\"widget\" data-widget_type=\"button.default\">\n\t\t\t\t<div class=\"elementor-widget-container\">\n\t\t\t\t\t\t\t\t\t<div class=\"elementor-button-wrapper\">\n\t\t\t\t\t<a class=\"elementor-button elementor-button-link elementor-size-sm\" href=\"https:\/\/corporate.lookingforbooking.nl\/de\/ueber-uns\/\">\n\t\t\t\t\t\t<span class=\"elementor-button-content-wrapper\">\n\t\t\t\t\t\t\t\t\t<span class=\"elementor-button-text\">Gespr\u00e4ch planen<\/span>\n\t\t\t\t\t<\/span>\n\t\t\t\t\t<\/a>\n\t\t\t\t<\/div>\n\t\t\t\t\t\t\t\t<\/div>\n\t\t\t\t<\/div>\n\t\t\t\t<\/div>\n\t\t<div class=\"elementor-element elementor-element-7d474a56 e-con-full e-flex e-con e-child\" data-id=\"7d474a56\" data-element_type=\"container\" data-e-type=\"container\" data-settings=\"{&quot;background_background&quot;:&quot;classic&quot;}\">\n\t\t\t\t<\/div>\n\t\t\t\t<\/div>\n\t\t\t\t<\/div>\n\t\t","protected":false},"excerpt":{"rendered":"<p>Zeitersparnis und zufriedene Kollegen. LookingforBooking f\u00fcr Travel- und Office-Manager Die Buchung und Verwaltung von Gesch\u00e4ftsreisen muss keine zeitaufwendige Aufgabe sein.Mit LookingforBooking organisieren Sie Hotels, Tagungspakete und Fl\u00fcge ganz einfach in einem benutzerfreundlichen Portal \u2013 egal, ob Sie selbst buchen oder Kolleginnen und Kollegen innerhalb vordefinierter Budgets buchen lassen. Sie behalten den \u00dcberblick und die Kontrolle:Mit [&hellip;]<\/p>\n","protected":false},"author":23,"featured_media":3122,"parent":0,"menu_order":0,"comment_status":"closed","ping_status":"closed","template":"elementor_header_footer","meta":{"footnotes":""},"class_list":["post-3123","page","type-page","status-publish","has-post-thumbnail","hentry"],"yoast_head":"<!-- This site is optimized with the Yoast SEO plugin v27.4 - https:\/\/yoast.com\/product\/yoast-seo-wordpress\/ -->\n<title>Travel- und Office-Manager - LookingforBooking Corporate Travel<\/title>\n<meta name=\"robots\" content=\"index, follow, max-snippet:-1, max-image-preview:large, max-video-preview:-1\" \/>\n<link rel=\"canonical\" href=\"https:\/\/corporate.lookingforbooking.nl\/de\/travel-und-office-manager\/\" \/>\n<meta property=\"og:locale\" content=\"de_DE\" \/>\n<meta property=\"og:type\" content=\"article\" \/>\n<meta property=\"og:title\" content=\"Travel- und Office-Manager - LookingforBooking Corporate Travel\" \/>\n<meta property=\"og:description\" content=\"Zeitersparnis und zufriedene Kollegen. LookingforBooking f\u00fcr Travel- und Office-Manager Die Buchung und Verwaltung von Gesch\u00e4ftsreisen muss keine zeitaufwendige Aufgabe sein.Mit LookingforBooking organisieren Sie Hotels, Tagungspakete und Fl\u00fcge ganz einfach in einem benutzerfreundlichen Portal \u2013 egal, ob Sie selbst buchen oder Kolleginnen und Kollegen innerhalb vordefinierter Budgets buchen lassen. Sie behalten den \u00dcberblick und die Kontrolle:Mit [&hellip;]\" \/>\n<meta property=\"og:url\" content=\"https:\/\/corporate.lookingforbooking.nl\/de\/travel-und-office-manager\/\" \/>\n<meta property=\"og:site_name\" content=\"LookingforBooking Corporate Travel\" \/>\n<meta property=\"article:modified_time\" content=\"2025-11-05T14:24:42+00:00\" \/>\n<meta property=\"og:image\" content=\"https:\/\/corporate.lookingforbooking.nl\/wp-content\/uploads\/2025\/02\/Shareimage-travelofficemanager.jpg\" \/>\n\t<meta property=\"og:image:width\" content=\"400\" \/>\n\t<meta property=\"og:image:height\" content=\"380\" \/>\n\t<meta property=\"og:image:type\" content=\"image\/jpeg\" \/>\n<meta name=\"twitter:card\" content=\"summary_large_image\" \/>\n<meta name=\"twitter:label1\" content=\"Gesch\u00e4tzte Lesezeit\" \/>\n\t<meta name=\"twitter:data1\" content=\"1\u00a0Minute\" \/>\n<script type=\"application\/ld+json\" class=\"yoast-schema-graph\">{\"@context\":\"https:\\\/\\\/schema.org\",\"@graph\":[{\"@type\":\"WebPage\",\"@id\":\"https:\\\/\\\/corporate.lookingforbooking.nl\\\/de\\\/travel-und-office-manager\\\/\",\"url\":\"https:\\\/\\\/corporate.lookingforbooking.nl\\\/de\\\/travel-und-office-manager\\\/\",\"name\":\"Travel- und Office-Manager - LookingforBooking Corporate Travel\",\"isPartOf\":{\"@id\":\"https:\\\/\\\/corporate.lookingforbooking.nl\\\/de\\\/#website\"},\"primaryImageOfPage\":{\"@id\":\"https:\\\/\\\/corporate.lookingforbooking.nl\\\/de\\\/travel-und-office-manager\\\/#primaryimage\"},\"image\":{\"@id\":\"https:\\\/\\\/corporate.lookingforbooking.nl\\\/de\\\/travel-und-office-manager\\\/#primaryimage\"},\"thumbnailUrl\":\"https:\\\/\\\/corporate.lookingforbooking.nl\\\/wp-content\\\/uploads\\\/2025\\\/02\\\/Shareimage-travelofficemanager.jpg\",\"datePublished\":\"2025-02-12T15:26:35+00:00\",\"dateModified\":\"2025-11-05T14:24:42+00:00\",\"breadcrumb\":{\"@id\":\"https:\\\/\\\/corporate.lookingforbooking.nl\\\/de\\\/travel-und-office-manager\\\/#breadcrumb\"},\"inLanguage\":\"de\",\"potentialAction\":[{\"@type\":\"ReadAction\",\"target\":[\"https:\\\/\\\/corporate.lookingforbooking.nl\\\/de\\\/travel-und-office-manager\\\/\"]}]},{\"@type\":\"ImageObject\",\"inLanguage\":\"de\",\"@id\":\"https:\\\/\\\/corporate.lookingforbooking.nl\\\/de\\\/travel-und-office-manager\\\/#primaryimage\",\"url\":\"https:\\\/\\\/corporate.lookingforbooking.nl\\\/wp-content\\\/uploads\\\/2025\\\/02\\\/Shareimage-travelofficemanager.jpg\",\"contentUrl\":\"https:\\\/\\\/corporate.lookingforbooking.nl\\\/wp-content\\\/uploads\\\/2025\\\/02\\\/Shareimage-travelofficemanager.jpg\",\"width\":400,\"height\":380},{\"@type\":\"BreadcrumbList\",\"@id\":\"https:\\\/\\\/corporate.lookingforbooking.nl\\\/de\\\/travel-und-office-manager\\\/#breadcrumb\",\"itemListElement\":[{\"@type\":\"ListItem\",\"position\":1,\"name\":\"Home\",\"item\":\"https:\\\/\\\/corporate.lookingforbooking.nl\\\/de\\\/startseite\\\/\"},{\"@type\":\"ListItem\",\"position\":2,\"name\":\"Travel- und Office-Manager\"}]},{\"@type\":\"WebSite\",\"@id\":\"https:\\\/\\\/corporate.lookingforbooking.nl\\\/de\\\/#website\",\"url\":\"https:\\\/\\\/corporate.lookingforbooking.nl\\\/de\\\/\",\"name\":\"LookingforBooking Corporate Travel\",\"description\":\"Bespaar op je zakelijke hotelkosten\",\"publisher\":{\"@id\":\"https:\\\/\\\/corporate.lookingforbooking.nl\\\/de\\\/#organization\"},\"potentialAction\":[{\"@type\":\"SearchAction\",\"target\":{\"@type\":\"EntryPoint\",\"urlTemplate\":\"https:\\\/\\\/corporate.lookingforbooking.nl\\\/de\\\/?s={search_term_string}\"},\"query-input\":{\"@type\":\"PropertyValueSpecification\",\"valueRequired\":true,\"valueName\":\"search_term_string\"}}],\"inLanguage\":\"de\"},{\"@type\":\"Organization\",\"@id\":\"https:\\\/\\\/corporate.lookingforbooking.nl\\\/de\\\/#organization\",\"name\":\"LookingforBooking Corporate Travel\",\"url\":\"https:\\\/\\\/corporate.lookingforbooking.nl\\\/de\\\/\",\"logo\":{\"@type\":\"ImageObject\",\"inLanguage\":\"de\",\"@id\":\"https:\\\/\\\/corporate.lookingforbooking.nl\\\/de\\\/#\\\/schema\\\/logo\\\/image\\\/\",\"url\":\"https:\\\/\\\/corporate.lookingforbooking.nl\\\/wp-content\\\/uploads\\\/2025\\\/01\\\/l4b-white-1.svg\",\"contentUrl\":\"https:\\\/\\\/corporate.lookingforbooking.nl\\\/wp-content\\\/uploads\\\/2025\\\/01\\\/l4b-white-1.svg\",\"width\":452,\"height\":60,\"caption\":\"LookingforBooking Corporate Travel\"},\"image\":{\"@id\":\"https:\\\/\\\/corporate.lookingforbooking.nl\\\/de\\\/#\\\/schema\\\/logo\\\/image\\\/\"}}]}<\/script>\n<!-- \/ Yoast SEO plugin. -->","yoast_head_json":{"title":"Travel- und Office-Manager - LookingforBooking Corporate Travel","robots":{"index":"index","follow":"follow","max-snippet":"max-snippet:-1","max-image-preview":"max-image-preview:large","max-video-preview":"max-video-preview:-1"},"canonical":"https:\/\/corporate.lookingforbooking.nl\/de\/travel-und-office-manager\/","og_locale":"de_DE","og_type":"article","og_title":"Travel- und Office-Manager - LookingforBooking Corporate Travel","og_description":"Zeitersparnis und zufriedene Kollegen. LookingforBooking f\u00fcr Travel- und Office-Manager Die Buchung und Verwaltung von Gesch\u00e4ftsreisen muss keine zeitaufwendige Aufgabe sein.Mit LookingforBooking organisieren Sie Hotels, Tagungspakete und Fl\u00fcge ganz einfach in einem benutzerfreundlichen Portal \u2013 egal, ob Sie selbst buchen oder Kolleginnen und Kollegen innerhalb vordefinierter Budgets buchen lassen. Sie behalten den \u00dcberblick und die Kontrolle:Mit [&hellip;]","og_url":"https:\/\/corporate.lookingforbooking.nl\/de\/travel-und-office-manager\/","og_site_name":"LookingforBooking Corporate Travel","article_modified_time":"2025-11-05T14:24:42+00:00","og_image":[{"width":400,"height":380,"url":"https:\/\/corporate.lookingforbooking.nl\/wp-content\/uploads\/2025\/02\/Shareimage-travelofficemanager.jpg","type":"image\/jpeg"}],"twitter_card":"summary_large_image","twitter_misc":{"Gesch\u00e4tzte Lesezeit":"1\u00a0Minute"},"schema":{"@context":"https:\/\/schema.org","@graph":[{"@type":"WebPage","@id":"https:\/\/corporate.lookingforbooking.nl\/de\/travel-und-office-manager\/","url":"https:\/\/corporate.lookingforbooking.nl\/de\/travel-und-office-manager\/","name":"Travel- und Office-Manager - LookingforBooking Corporate Travel","isPartOf":{"@id":"https:\/\/corporate.lookingforbooking.nl\/de\/#website"},"primaryImageOfPage":{"@id":"https:\/\/corporate.lookingforbooking.nl\/de\/travel-und-office-manager\/#primaryimage"},"image":{"@id":"https:\/\/corporate.lookingforbooking.nl\/de\/travel-und-office-manager\/#primaryimage"},"thumbnailUrl":"https:\/\/corporate.lookingforbooking.nl\/wp-content\/uploads\/2025\/02\/Shareimage-travelofficemanager.jpg","datePublished":"2025-02-12T15:26:35+00:00","dateModified":"2025-11-05T14:24:42+00:00","breadcrumb":{"@id":"https:\/\/corporate.lookingforbooking.nl\/de\/travel-und-office-manager\/#breadcrumb"},"inLanguage":"de","potentialAction":[{"@type":"ReadAction","target":["https:\/\/corporate.lookingforbooking.nl\/de\/travel-und-office-manager\/"]}]},{"@type":"ImageObject","inLanguage":"de","@id":"https:\/\/corporate.lookingforbooking.nl\/de\/travel-und-office-manager\/#primaryimage","url":"https:\/\/corporate.lookingforbooking.nl\/wp-content\/uploads\/2025\/02\/Shareimage-travelofficemanager.jpg","contentUrl":"https:\/\/corporate.lookingforbooking.nl\/wp-content\/uploads\/2025\/02\/Shareimage-travelofficemanager.jpg","width":400,"height":380},{"@type":"BreadcrumbList","@id":"https:\/\/corporate.lookingforbooking.nl\/de\/travel-und-office-manager\/#breadcrumb","itemListElement":[{"@type":"ListItem","position":1,"name":"Home","item":"https:\/\/corporate.lookingforbooking.nl\/de\/startseite\/"},{"@type":"ListItem","position":2,"name":"Travel- und Office-Manager"}]},{"@type":"WebSite","@id":"https:\/\/corporate.lookingforbooking.nl\/de\/#website","url":"https:\/\/corporate.lookingforbooking.nl\/de\/","name":"LookingforBooking Corporate Travel","description":"Bespaar op je zakelijke hotelkosten","publisher":{"@id":"https:\/\/corporate.lookingforbooking.nl\/de\/#organization"},"potentialAction":[{"@type":"SearchAction","target":{"@type":"EntryPoint","urlTemplate":"https:\/\/corporate.lookingforbooking.nl\/de\/?s={search_term_string}"},"query-input":{"@type":"PropertyValueSpecification","valueRequired":true,"valueName":"search_term_string"}}],"inLanguage":"de"},{"@type":"Organization","@id":"https:\/\/corporate.lookingforbooking.nl\/de\/#organization","name":"LookingforBooking Corporate Travel","url":"https:\/\/corporate.lookingforbooking.nl\/de\/","logo":{"@type":"ImageObject","inLanguage":"de","@id":"https:\/\/corporate.lookingforbooking.nl\/de\/#\/schema\/logo\/image\/","url":"https:\/\/corporate.lookingforbooking.nl\/wp-content\/uploads\/2025\/01\/l4b-white-1.svg","contentUrl":"https:\/\/corporate.lookingforbooking.nl\/wp-content\/uploads\/2025\/01\/l4b-white-1.svg","width":452,"height":60,"caption":"LookingforBooking Corporate Travel"},"image":{"@id":"https:\/\/corporate.lookingforbooking.nl\/de\/#\/schema\/logo\/image\/"}}]}},"_links":{"self":[{"href":"https:\/\/corporate.lookingforbooking.nl\/de\/wp-json\/wp\/v2\/pages\/3123","targetHints":{"allow":["GET"]}}],"collection":[{"href":"https:\/\/corporate.lookingforbooking.nl\/de\/wp-json\/wp\/v2\/pages"}],"about":[{"href":"https:\/\/corporate.lookingforbooking.nl\/de\/wp-json\/wp\/v2\/types\/page"}],"author":[{"embeddable":true,"href":"https:\/\/corporate.lookingforbooking.nl\/de\/wp-json\/wp\/v2\/users\/23"}],"replies":[{"embeddable":true,"href":"https:\/\/corporate.lookingforbooking.nl\/de\/wp-json\/wp\/v2\/comments?post=3123"}],"version-history":[{"count":0,"href":"https:\/\/corporate.lookingforbooking.nl\/de\/wp-json\/wp\/v2\/pages\/3123\/revisions"}],"wp:featuredmedia":[{"embeddable":true,"href":"https:\/\/corporate.lookingforbooking.nl\/de\/wp-json\/wp\/v2\/media\/3122"}],"wp:attachment":[{"href":"https:\/\/corporate.lookingforbooking.nl\/de\/wp-json\/wp\/v2\/media?parent=3123"}],"curies":[{"name":"wp","href":"https:\/\/api.w.org\/{rel}","templated":true}]}}