{"id":3558,"date":"2025-12-19T15:12:52","date_gmt":"2025-12-19T13:12:52","guid":{"rendered":"https:\/\/corporate.lookingforbooking.nl\/hotelketten\/"},"modified":"2026-01-08T18:01:58","modified_gmt":"2026-01-08T16:01:58","slug":"hotelketten","status":"publish","type":"page","link":"https:\/\/corporate.lookingforbooking.nl\/de\/hotelketten\/","title":{"rendered":"Hotelketten"},"content":{"rendered":"\t\t<div data-elementor-type=\"wp-page\" data-elementor-id=\"3558\" class=\"elementor elementor-3558 elementor-3509\" data-elementor-post-type=\"page\">\n\t\t\t\t<div class=\"elementor-element elementor-element-629e237 e-con-full e-flex e-con e-parent\" data-id=\"629e237\" data-element_type=\"container\" data-e-type=\"container\" data-settings=\"{&quot;background_background&quot;:&quot;classic&quot;}\">\n\t\t<div class=\"elementor-element elementor-element-c376329 e-con-full e-flex e-con e-child\" data-id=\"c376329\" data-element_type=\"container\" data-e-type=\"container\" data-settings=\"{&quot;motion_fx_motion_fx_scrolling&quot;:&quot;yes&quot;,&quot;motion_fx_translateY_effect&quot;:&quot;yes&quot;,&quot;motion_fx_translateY_direction&quot;:&quot;negative&quot;,&quot;motion_fx_translateY_speed&quot;:{&quot;unit&quot;:&quot;px&quot;,&quot;size&quot;:1,&quot;sizes&quot;:[]},&quot;motion_fx_translateY_affectedRange&quot;:{&quot;unit&quot;:&quot;%&quot;,&quot;size&quot;:&quot;&quot;,&quot;sizes&quot;:{&quot;start&quot;:0,&quot;end&quot;:100}},&quot;motion_fx_devices&quot;:[&quot;desktop&quot;,&quot;tablet&quot;,&quot;mobile&quot;]}\">\n\t\t\t\t<div class=\"elementor-element elementor-element-1dcccff elementor-widget__width-initial elementor-invisible elementor-widget elementor-widget-heading\" data-id=\"1dcccff\" data-element_type=\"widget\" data-e-type=\"widget\" data-settings=\"{&quot;_animation&quot;:&quot;fadeIn&quot;}\" data-widget_type=\"heading.default\">\n\t\t\t\t<div class=\"elementor-widget-container\">\n\t\t\t\t\t<h1 class=\"elementor-heading-title elementor-size-default\">Gesch\u00e4ftliche Hotel\u00fcbernachtungen bei allen Hotelketten mit LookingforBooking<\/h1>\t\t\t\t<\/div>\n\t\t\t\t<\/div>\n\t\t\t\t<div class=\"elementor-element elementor-element-0c3c69a elementor-widget__width-initial elementor-invisible elementor-widget elementor-widget-text-editor\" data-id=\"0c3c69a\" data-element_type=\"widget\" data-e-type=\"widget\" data-settings=\"{&quot;_animation&quot;:&quot;fadeIn&quot;,&quot;_animation_delay&quot;:200}\" data-widget_type=\"text-editor.default\">\n\t\t\t\t<div class=\"elementor-widget-container\">\n\t\t\t\t\t\t\t\t\t<p data-start=\"1931\" data-end=\"2308\">Viele Unternehmen nutzen LookingforBooking f\u00fcr die Buchung aller gesch\u00e4ftlichen \u00dcbernachtungen weltweit. Diese Aufenthalte werden nicht einzeln gebucht, sondern als Teil einer ganzheitlichen Gesch\u00e4ftsreise- und Hotelmanagementl\u00f6sung verwaltet. Unternehmen organisieren alle gesch\u00e4ftlichen Unterk\u00fcnfte zentral \u00fcber eine Plattform \u2013 mit vollst\u00e4ndiger Transparenz und einer einfachen Verwaltung.  <\/p><p data-start=\"1931\" data-end=\"2308\">Dank des breiten und weltweiten Angebots eignet sich LookingforBooking f\u00fcr unterschiedlichste Gesch\u00e4ftsreisen, wie Meetings, Projekte oder mehrt\u00e4gige Aufenthalte an verschiedenen Standorten.<\/p><h4 data-start=\"1011\" data-end=\"1038\"><span style=\"text-decoration: underline;\"><strong>Mehr als nur eine Hotelkette: alle Unterk\u00fcnfte \u00fcber eine Plattform<\/strong><\/span><\/h4><p data-start=\"2569\" data-end=\"2822\">LookingforBooking bietet Zugang zu einem breiten Spektrum an Unterk\u00fcnften. So k\u00f6nnen Unternehmen pro Reise und pro Mitarbeitenden stets die passende Option w\u00e4hlen \u2013 ohne fragmentierte Prozesse oder un\u00fcbersichtliche Verwaltung. <\/p><p data-start=\"2824\" data-end=\"2876\">\u00dcber LookingforBooking buchen Unternehmen gro\u00dfe und mittelgro\u00dfe Hotelketten, unabh\u00e4ngige Hotels, Bed &amp; Breakfasts sowie Ferienparks.<\/p><p data-start=\"2968\" data-end=\"3043\">Alle Buchungen \u2013 unabh\u00e4ngig von Art oder Anbieter der Unterkunft \u2013 werden zentral \u00fcber eine einzige Plattform abgewickelt.<\/p><h4 data-start=\"670\" data-end=\"713\"><span style=\"text-decoration: underline;\"><strong>Warum sich Unternehmen f\u00fcr LookingforBooking entscheiden<\/strong><\/span><\/h4><p data-start=\"714\" data-end=\"787\">Unternehmen entscheiden sich f\u00fcr LookingforBooking aufgrund von:<\/p><ul><li data-start=\"714\" data-end=\"787\">Einer zentralen Buchungsplattform f\u00fcr alle gesch\u00e4ftlichen \u00dcbernachtungen<\/li><li data-stringify-indent=\"0\" data-stringify-border=\"0\">Einem breiten und flexiblen Unterkunftsangebot<\/li><li data-start=\"714\" data-end=\"787\">\u00dcbersichtlichen Reportings und einfacher Verwaltung<\/li><li data-stringify-indent=\"0\" data-stringify-border=\"0\">Einer Sammelrechnung f\u00fcr alle Buchungen<\/li><li data-stringify-indent=\"0\" data-stringify-border=\"0\">Transparenz und Kontrolle \u00fcber Gesch\u00e4ftsreiseausgaben durch die Integration der Reiserichtlinie<\/li><li data-stringify-indent=\"0\" data-stringify-border=\"0\">Einem individuellen Buchungsportal, vollst\u00e4ndig auf die Bed\u00fcrfnisse des Unternehmens zugeschnitten<\/li><li data-stringify-indent=\"0\" data-stringify-border=\"0\">Pers\u00f6nlichem Service und Support durch erfahrene Travel Consultants<\/li><\/ul><h4 data-start=\"1409\" data-end=\"1634\"><span style=\"text-decoration: underline;\"><strong>Transparenz und Flexibilit\u00e4t bei gesch\u00e4ftlichen Hotel\u00fcbernachtungen<\/strong><\/span><\/h4><p data-start=\"1667\" data-end=\"1821\">LookingforBooking unterst\u00fctzt Unternehmen dabei, gesch\u00e4ftliche Hotel\u00fcbernachtungen effizient und flexibel zu organisieren. Mit einer Plattform, einer Rechnung und maximaler Auswahl behalten Unternehmen die Kontrolle \u00fcber ihre Gesch\u00e4ftsreisen, w\u00e4hrend Mitarbeitende von mehr Komfort und Auswahl profitieren. <\/p><p data-start=\"1823\" data-end=\"2019\"><strong>M\u00f6chten Sie erfahren, wie LookingforBooking gesch\u00e4ftliche \u00dcbernachtungen einfach und \u00fcbersichtlich verwaltbar macht?<\/strong><\/p><p>Erfahren Sie, wie LookingforBooking gesch\u00e4ftliche \u00dcbernachtungen vereinfacht.<\/p>\t\t\t\t\t\t\t\t<\/div>\n\t\t\t\t<\/div>\n\t\t\t\t<div class=\"elementor-element elementor-element-b23a21f elementor-align-justify elementor-widget__width-initial elementor-widget-tablet__width-initial elementor-widget elementor-widget-button\" data-id=\"b23a21f\" data-element_type=\"widget\" data-e-type=\"widget\" data-widget_type=\"button.default\">\n\t\t\t\t<div class=\"elementor-widget-container\">\n\t\t\t\t\t\t\t\t\t<div class=\"elementor-button-wrapper\">\n\t\t\t\t\t<a class=\"elementor-button elementor-button-link elementor-size-sm\" href=\"https:\/\/corporate.lookingforbooking.nl\/de\/kontakt\/\">\n\t\t\t\t\t\t<span class=\"elementor-button-content-wrapper\">\n\t\t\t\t\t\t\t\t\t<span class=\"elementor-button-text\">Gespr\u00e4ch planen<\/span>\n\t\t\t\t\t<\/span>\n\t\t\t\t\t<\/a>\n\t\t\t\t<\/div>\n\t\t\t\t\t\t\t\t<\/div>\n\t\t\t\t<\/div>\n\t\t\t\t<\/div>\n\t\t<div class=\"elementor-element elementor-element-e13dce5 e-con-full e-flex e-con e-child\" data-id=\"e13dce5\" data-element_type=\"container\" data-e-type=\"container\" data-settings=\"{&quot;background_background&quot;:&quot;classic&quot;}\">\n\t\t\t\t<\/div>\n\t\t<div class=\"elementor-element elementor-element-d9c6f7a e-con-full e-flex e-con e-child\" data-id=\"d9c6f7a\" data-element_type=\"container\" data-e-type=\"container\" data-settings=\"{&quot;background_background&quot;:&quot;classic&quot;,&quot;motion_fx_motion_fx_scrolling&quot;:&quot;yes&quot;,&quot;motion_fx_translateY_effect&quot;:&quot;yes&quot;,&quot;motion_fx_translateY_direction&quot;:&quot;negative&quot;,&quot;motion_fx_translateY_speed&quot;:{&quot;unit&quot;:&quot;px&quot;,&quot;size&quot;:1,&quot;sizes&quot;:[]},&quot;motion_fx_translateY_affectedRange&quot;:{&quot;unit&quot;:&quot;%&quot;,&quot;size&quot;:&quot;&quot;,&quot;sizes&quot;:{&quot;start&quot;:0,&quot;end&quot;:100}},&quot;motion_fx_devices&quot;:[&quot;desktop&quot;,&quot;tablet&quot;,&quot;mobile&quot;]}\">\n\t\t\t\t<\/div>\n\t\t<div class=\"elementor-element elementor-element-ab43759 e-con-full e-flex e-con e-child\" data-id=\"ab43759\" data-element_type=\"container\" data-e-type=\"container\">\n\t\t<div class=\"elementor-element elementor-element-5e39472 e-con-full e-flex e-con e-child\" data-id=\"5e39472\" data-element_type=\"container\" data-e-type=\"container\">\n\t\t\t\t<div class=\"elementor-element elementor-element-fe39c81 elementor-widget elementor-widget-heading\" data-id=\"fe39c81\" data-element_type=\"widget\" data-e-type=\"widget\" data-widget_type=\"heading.default\">\n\t\t\t\t<div class=\"elementor-widget-container\">\n\t\t\t\t\t<h2 class=\"elementor-heading-title elementor-size-default\">LookingforBooking als zentrale Buchungsplattform<\/h2>\t\t\t\t<\/div>\n\t\t\t\t<\/div>\n\t\t\t\t<div class=\"elementor-element elementor-element-f70112a elementor-widget elementor-widget-text-editor\" data-id=\"f70112a\" data-element_type=\"widget\" data-e-type=\"widget\" data-widget_type=\"text-editor.default\">\n\t\t\t\t<div class=\"elementor-widget-container\">\n\t\t\t\t\t\t\t\t\t<p data-start=\"1436\" data-end=\"1794\">LookingforBooking fungiert als zentrale Plattform f\u00fcr alle gesch\u00e4ftlichen Hotel\u00fcbernachtungen. Unternehmen m\u00fcssen keine separaten Vereinbarungen mit einzelnen Hotels oder Hotelketten treffen. Wir pflegen die Kontakte und Vertr\u00e4ge mit den Unterk\u00fcnften, sodass Gesch\u00e4ftsreisende einfach innerhalb der Unternehmensrichtlinien buchen k\u00f6nnen.  <\/p><p data-start=\"1796\" data-end=\"2080\">Dank unserer Einkaufskraft und des hohen Volumens an Gesch\u00e4ftsreisen schlie\u00dfen wir Vereinbarungen mit Unterk\u00fcnften und Hotelketten. Dadurch profitieren Unternehmen von Firmentarifen und Skaleneffekten, ohne selbst verhandeln oder mehrere Vertr\u00e4ge verwalten zu m\u00fcssen. <\/p><p data-start=\"2082\" data-end=\"2303\">Alle \u00dcbernachtungen \u2013 unabh\u00e4ngig von Hotel, Kette oder Unterkunftsart \u2013 werden zentral in einer \u00fcbersichtlichen Umgebung verwaltet. Dies erleichtert die Anwendung der Reiserichtlinien und schafft Einblick in Nutzung und Kosten. <\/p><p data-start=\"609\" data-end=\"773\">Ein weiterer wichtiger Vorteil der Buchung \u00fcber LookingforBooking ist die administrative Entlastung. Unternehmen entscheiden selbst, wie sie ihre Rechnungsstellung gestalten m\u00f6chten. <\/p><p data-start=\"780\" data-end=\"1097\">So k\u00f6nnen alle gesch\u00e4ftlichen \u00dcbernachtungen auf einer Sammelrechnung zusammengef\u00fchrt werden, es ist jedoch auch m\u00f6glich, Rechnungen pro Projekt, Business Unit oder Abteilung zu erhalten. Dies schafft einen administrativen Prozess, der zur internen Organisation passt und direkten Einblick in Kosten und Nutzung bietet. <\/p>\t\t\t\t\t\t\t\t<\/div>\n\t\t\t\t<\/div>\n\t\t\t\t<div class=\"elementor-element elementor-element-499a7d9 elementor-align-justify elementor-widget__width-initial elementor-widget-tablet__width-initial elementor-widget elementor-widget-button\" data-id=\"499a7d9\" data-element_type=\"widget\" data-e-type=\"widget\" data-widget_type=\"button.default\">\n\t\t\t\t<div class=\"elementor-widget-container\">\n\t\t\t\t\t\t\t\t\t<div class=\"elementor-button-wrapper\">\n\t\t\t\t\t<a class=\"elementor-button elementor-button-link elementor-size-sm\" href=\"https:\/\/corporate.lookingforbooking.nl\/de\/kontakt\/\">\n\t\t\t\t\t\t<span class=\"elementor-button-content-wrapper\">\n\t\t\t\t\t\t\t\t\t<span class=\"elementor-button-text\">Gespr\u00e4ch planen<\/span>\n\t\t\t\t\t<\/span>\n\t\t\t\t\t<\/a>\n\t\t\t\t<\/div>\n\t\t\t\t\t\t\t\t<\/div>\n\t\t\t\t<\/div>\n\t\t\t\t<\/div>\n\t\t\t\t<\/div>\n\t\t\t\t<\/div>\n\t\t<div class=\"elementor-element elementor-element-2ad9c1bc e-con-full e-flex e-con e-parent\" data-id=\"2ad9c1bc\" data-element_type=\"container\" data-e-type=\"container\" data-settings=\"{&quot;background_background&quot;:&quot;classic&quot;}\">\n\t\t<div class=\"elementor-element elementor-element-1ca1ead6 e-con-full e-flex e-con e-child\" data-id=\"1ca1ead6\" data-element_type=\"container\" data-e-type=\"container\">\n\t\t\t\t<div class=\"elementor-element elementor-element-3d4d2c2a elementor-invisible elementor-widget elementor-widget-heading\" data-id=\"3d4d2c2a\" data-element_type=\"widget\" data-e-type=\"widget\" data-settings=\"{&quot;_animation&quot;:&quot;fadeIn&quot;}\" data-widget_type=\"heading.default\">\n\t\t\t\t<div class=\"elementor-widget-container\">\n\t\t\t\t\t<h2 class=\"elementor-heading-title elementor-size-default\">Brauchen Sie Unterst\u00fctzung oder Beratung?<\/h2>\t\t\t\t<\/div>\n\t\t\t\t<\/div>\n\t\t\t\t<div class=\"elementor-element elementor-element-2aa4a481 elementor-invisible elementor-widget elementor-widget-text-editor\" data-id=\"2aa4a481\" data-element_type=\"widget\" data-e-type=\"widget\" data-settings=\"{&quot;_animation&quot;:&quot;fadeIn&quot;,&quot;_animation_delay&quot;:300}\" data-widget_type=\"text-editor.default\">\n\t\t\t\t<div class=\"elementor-widget-container\">\n\t\t\t\t\t\t\t\t\t<p>Dann kontaktiere einfach einen unserer Corporate Travel Consultants.<\/p>\t\t\t\t\t\t\t\t<\/div>\n\t\t\t\t<\/div>\n\t\t\t\t<div class=\"elementor-element elementor-element-bc7fbe6 elementor-align-justify elementor-widget__width-initial elementor-widget-tablet__width-initial elementor-widget elementor-widget-button\" data-id=\"bc7fbe6\" data-element_type=\"widget\" data-e-type=\"widget\" data-widget_type=\"button.default\">\n\t\t\t\t<div class=\"elementor-widget-container\">\n\t\t\t\t\t\t\t\t\t<div class=\"elementor-button-wrapper\">\n\t\t\t\t\t<a class=\"elementor-button elementor-button-link elementor-size-sm\" href=\"https:\/\/corporate.lookingforbooking.nl\/de\/ueber-uns\/\">\n\t\t\t\t\t\t<span class=\"elementor-button-content-wrapper\">\n\t\t\t\t\t\t\t\t\t<span class=\"elementor-button-text\"> Gespr\u00e4ch planen<\/span>\n\t\t\t\t\t<\/span>\n\t\t\t\t\t<\/a>\n\t\t\t\t<\/div>\n\t\t\t\t\t\t\t\t<\/div>\n\t\t\t\t<\/div>\n\t\t\t\t<\/div>\n\t\t<div class=\"elementor-element elementor-element-4149a5ed e-con-full e-flex e-con e-child\" data-id=\"4149a5ed\" data-element_type=\"container\" data-e-type=\"container\" data-settings=\"{&quot;background_background&quot;:&quot;classic&quot;}\">\n\t\t\t\t<\/div>\n\t\t\t\t<\/div>\n\t\t\t\t<\/div>\n\t\t","protected":false},"excerpt":{"rendered":"<p>Gesch\u00e4ftliche Hotel\u00fcbernachtungen bei allen Hotelketten mit LookingforBooking Viele Unternehmen nutzen LookingforBooking f\u00fcr die Buchung aller gesch\u00e4ftlichen \u00dcbernachtungen weltweit. Diese Aufenthalte werden nicht einzeln gebucht, sondern als Teil einer ganzheitlichen Gesch\u00e4ftsreise- und Hotelmanagementl\u00f6sung verwaltet. Unternehmen organisieren alle gesch\u00e4ftlichen Unterk\u00fcnfte zentral \u00fcber eine Plattform \u2013 mit vollst\u00e4ndiger Transparenz und einer einfachen Verwaltung. Dank des breiten und weltweiten [&hellip;]<\/p>\n","protected":false},"author":27,"featured_media":2902,"parent":0,"menu_order":0,"comment_status":"closed","ping_status":"closed","template":"elementor_header_footer","meta":{"footnotes":""},"class_list":["post-3558","page","type-page","status-publish","has-post-thumbnail","hentry"],"yoast_head":"<!-- This site is optimized with the Yoast SEO plugin v27.4 - https:\/\/yoast.com\/product\/yoast-seo-wordpress\/ -->\n<title>Gesch\u00e4ftliche Hotel\u00fcbernachtungen bei allen Hotelketten | LookingforBooking<\/title>\n<meta name=\"description\" content=\"Gesch\u00e4ftliche \u00dcbernachtungen bei allen Hotelketten und weiteren Unterk\u00fcnften \u2013 mit Firmentarifen und flexibler Rechnungsstellung.\" \/>\n<meta name=\"robots\" content=\"index, follow, max-snippet:-1, max-image-preview:large, max-video-preview:-1\" \/>\n<link rel=\"canonical\" href=\"https:\/\/corporate.lookingforbooking.nl\/de\/hotelketten\/\" \/>\n<meta property=\"og:locale\" content=\"de_DE\" \/>\n<meta property=\"og:type\" content=\"article\" \/>\n<meta property=\"og:title\" content=\"Gesch\u00e4ftliche Hotel\u00fcbernachtungen bei allen Hotelketten | LookingforBooking\" \/>\n<meta property=\"og:description\" content=\"Gesch\u00e4ftliche \u00dcbernachtungen bei allen Hotelketten und weiteren Unterk\u00fcnften \u2013 mit Firmentarifen und flexibler Rechnungsstellung.\" \/>\n<meta property=\"og:url\" content=\"https:\/\/corporate.lookingforbooking.nl\/de\/hotelketten\/\" \/>\n<meta property=\"og:site_name\" content=\"LookingforBooking Corporate Travel\" \/>\n<meta property=\"article:modified_time\" content=\"2026-01-08T16:01:58+00:00\" \/>\n<meta property=\"og:image\" content=\"https:\/\/corporate.lookingforbooking.nl\/wp-content\/uploads\/2025\/02\/Shareimage-verzamelfactuur.jpg\" \/>\n\t<meta property=\"og:image:width\" content=\"400\" \/>\n\t<meta property=\"og:image:height\" content=\"380\" \/>\n\t<meta property=\"og:image:type\" content=\"image\/jpeg\" \/>\n<meta name=\"twitter:card\" content=\"summary_large_image\" \/>\n<meta name=\"twitter:label1\" content=\"Gesch\u00e4tzte Lesezeit\" \/>\n\t<meta name=\"twitter:data1\" content=\"2\u00a0Minuten\" \/>\n<script type=\"application\/ld+json\" class=\"yoast-schema-graph\">{\"@context\":\"https:\\\/\\\/schema.org\",\"@graph\":[{\"@type\":\"WebPage\",\"@id\":\"https:\\\/\\\/corporate.lookingforbooking.nl\\\/de\\\/hotelketten\\\/\",\"url\":\"https:\\\/\\\/corporate.lookingforbooking.nl\\\/de\\\/hotelketten\\\/\",\"name\":\"Gesch\u00e4ftliche Hotel\u00fcbernachtungen bei allen Hotelketten | LookingforBooking\",\"isPartOf\":{\"@id\":\"https:\\\/\\\/corporate.lookingforbooking.nl\\\/de\\\/#website\"},\"primaryImageOfPage\":{\"@id\":\"https:\\\/\\\/corporate.lookingforbooking.nl\\\/de\\\/hotelketten\\\/#primaryimage\"},\"image\":{\"@id\":\"https:\\\/\\\/corporate.lookingforbooking.nl\\\/de\\\/hotelketten\\\/#primaryimage\"},\"thumbnailUrl\":\"https:\\\/\\\/corporate.lookingforbooking.nl\\\/wp-content\\\/uploads\\\/2025\\\/02\\\/Shareimage-verzamelfactuur.jpg\",\"datePublished\":\"2025-12-19T13:12:52+00:00\",\"dateModified\":\"2026-01-08T16:01:58+00:00\",\"description\":\"Gesch\u00e4ftliche \u00dcbernachtungen bei allen Hotelketten und weiteren Unterk\u00fcnften \u2013 mit Firmentarifen und flexibler Rechnungsstellung.\",\"breadcrumb\":{\"@id\":\"https:\\\/\\\/corporate.lookingforbooking.nl\\\/de\\\/hotelketten\\\/#breadcrumb\"},\"inLanguage\":\"de\",\"potentialAction\":[{\"@type\":\"ReadAction\",\"target\":[\"https:\\\/\\\/corporate.lookingforbooking.nl\\\/de\\\/hotelketten\\\/\"]}]},{\"@type\":\"ImageObject\",\"inLanguage\":\"de\",\"@id\":\"https:\\\/\\\/corporate.lookingforbooking.nl\\\/de\\\/hotelketten\\\/#primaryimage\",\"url\":\"https:\\\/\\\/corporate.lookingforbooking.nl\\\/wp-content\\\/uploads\\\/2025\\\/02\\\/Shareimage-verzamelfactuur.jpg\",\"contentUrl\":\"https:\\\/\\\/corporate.lookingforbooking.nl\\\/wp-content\\\/uploads\\\/2025\\\/02\\\/Shareimage-verzamelfactuur.jpg\",\"width\":400,\"height\":380},{\"@type\":\"BreadcrumbList\",\"@id\":\"https:\\\/\\\/corporate.lookingforbooking.nl\\\/de\\\/hotelketten\\\/#breadcrumb\",\"itemListElement\":[{\"@type\":\"ListItem\",\"position\":1,\"name\":\"Home\",\"item\":\"https:\\\/\\\/corporate.lookingforbooking.nl\\\/de\\\/startseite\\\/\"},{\"@type\":\"ListItem\",\"position\":2,\"name\":\"Hotelketten\"}]},{\"@type\":\"WebSite\",\"@id\":\"https:\\\/\\\/corporate.lookingforbooking.nl\\\/de\\\/#website\",\"url\":\"https:\\\/\\\/corporate.lookingforbooking.nl\\\/de\\\/\",\"name\":\"LookingforBooking Corporate Travel\",\"description\":\"Bespaar op je zakelijke hotelkosten\",\"publisher\":{\"@id\":\"https:\\\/\\\/corporate.lookingforbooking.nl\\\/de\\\/#organization\"},\"potentialAction\":[{\"@type\":\"SearchAction\",\"target\":{\"@type\":\"EntryPoint\",\"urlTemplate\":\"https:\\\/\\\/corporate.lookingforbooking.nl\\\/de\\\/?s={search_term_string}\"},\"query-input\":{\"@type\":\"PropertyValueSpecification\",\"valueRequired\":true,\"valueName\":\"search_term_string\"}}],\"inLanguage\":\"de\"},{\"@type\":\"Organization\",\"@id\":\"https:\\\/\\\/corporate.lookingforbooking.nl\\\/de\\\/#organization\",\"name\":\"LookingforBooking Corporate Travel\",\"url\":\"https:\\\/\\\/corporate.lookingforbooking.nl\\\/de\\\/\",\"logo\":{\"@type\":\"ImageObject\",\"inLanguage\":\"de\",\"@id\":\"https:\\\/\\\/corporate.lookingforbooking.nl\\\/de\\\/#\\\/schema\\\/logo\\\/image\\\/\",\"url\":\"https:\\\/\\\/corporate.lookingforbooking.nl\\\/wp-content\\\/uploads\\\/2025\\\/01\\\/l4b-white-1.svg\",\"contentUrl\":\"https:\\\/\\\/corporate.lookingforbooking.nl\\\/wp-content\\\/uploads\\\/2025\\\/01\\\/l4b-white-1.svg\",\"width\":452,\"height\":60,\"caption\":\"LookingforBooking Corporate Travel\"},\"image\":{\"@id\":\"https:\\\/\\\/corporate.lookingforbooking.nl\\\/de\\\/#\\\/schema\\\/logo\\\/image\\\/\"}}]}<\/script>\n<!-- \/ Yoast SEO plugin. -->","yoast_head_json":{"title":"Gesch\u00e4ftliche Hotel\u00fcbernachtungen bei allen Hotelketten | LookingforBooking","description":"Gesch\u00e4ftliche \u00dcbernachtungen bei allen Hotelketten und weiteren Unterk\u00fcnften \u2013 mit Firmentarifen und flexibler Rechnungsstellung.","robots":{"index":"index","follow":"follow","max-snippet":"max-snippet:-1","max-image-preview":"max-image-preview:large","max-video-preview":"max-video-preview:-1"},"canonical":"https:\/\/corporate.lookingforbooking.nl\/de\/hotelketten\/","og_locale":"de_DE","og_type":"article","og_title":"Gesch\u00e4ftliche Hotel\u00fcbernachtungen bei allen Hotelketten | LookingforBooking","og_description":"Gesch\u00e4ftliche \u00dcbernachtungen bei allen Hotelketten und weiteren Unterk\u00fcnften \u2013 mit Firmentarifen und flexibler Rechnungsstellung.","og_url":"https:\/\/corporate.lookingforbooking.nl\/de\/hotelketten\/","og_site_name":"LookingforBooking Corporate Travel","article_modified_time":"2026-01-08T16:01:58+00:00","og_image":[{"width":400,"height":380,"url":"https:\/\/corporate.lookingforbooking.nl\/wp-content\/uploads\/2025\/02\/Shareimage-verzamelfactuur.jpg","type":"image\/jpeg"}],"twitter_card":"summary_large_image","twitter_misc":{"Gesch\u00e4tzte Lesezeit":"2\u00a0Minuten"},"schema":{"@context":"https:\/\/schema.org","@graph":[{"@type":"WebPage","@id":"https:\/\/corporate.lookingforbooking.nl\/de\/hotelketten\/","url":"https:\/\/corporate.lookingforbooking.nl\/de\/hotelketten\/","name":"Gesch\u00e4ftliche Hotel\u00fcbernachtungen bei allen Hotelketten | LookingforBooking","isPartOf":{"@id":"https:\/\/corporate.lookingforbooking.nl\/de\/#website"},"primaryImageOfPage":{"@id":"https:\/\/corporate.lookingforbooking.nl\/de\/hotelketten\/#primaryimage"},"image":{"@id":"https:\/\/corporate.lookingforbooking.nl\/de\/hotelketten\/#primaryimage"},"thumbnailUrl":"https:\/\/corporate.lookingforbooking.nl\/wp-content\/uploads\/2025\/02\/Shareimage-verzamelfactuur.jpg","datePublished":"2025-12-19T13:12:52+00:00","dateModified":"2026-01-08T16:01:58+00:00","description":"Gesch\u00e4ftliche \u00dcbernachtungen bei allen Hotelketten und weiteren Unterk\u00fcnften \u2013 mit Firmentarifen und flexibler Rechnungsstellung.","breadcrumb":{"@id":"https:\/\/corporate.lookingforbooking.nl\/de\/hotelketten\/#breadcrumb"},"inLanguage":"de","potentialAction":[{"@type":"ReadAction","target":["https:\/\/corporate.lookingforbooking.nl\/de\/hotelketten\/"]}]},{"@type":"ImageObject","inLanguage":"de","@id":"https:\/\/corporate.lookingforbooking.nl\/de\/hotelketten\/#primaryimage","url":"https:\/\/corporate.lookingforbooking.nl\/wp-content\/uploads\/2025\/02\/Shareimage-verzamelfactuur.jpg","contentUrl":"https:\/\/corporate.lookingforbooking.nl\/wp-content\/uploads\/2025\/02\/Shareimage-verzamelfactuur.jpg","width":400,"height":380},{"@type":"BreadcrumbList","@id":"https:\/\/corporate.lookingforbooking.nl\/de\/hotelketten\/#breadcrumb","itemListElement":[{"@type":"ListItem","position":1,"name":"Home","item":"https:\/\/corporate.lookingforbooking.nl\/de\/startseite\/"},{"@type":"ListItem","position":2,"name":"Hotelketten"}]},{"@type":"WebSite","@id":"https:\/\/corporate.lookingforbooking.nl\/de\/#website","url":"https:\/\/corporate.lookingforbooking.nl\/de\/","name":"LookingforBooking Corporate Travel","description":"Bespaar op je zakelijke hotelkosten","publisher":{"@id":"https:\/\/corporate.lookingforbooking.nl\/de\/#organization"},"potentialAction":[{"@type":"SearchAction","target":{"@type":"EntryPoint","urlTemplate":"https:\/\/corporate.lookingforbooking.nl\/de\/?s={search_term_string}"},"query-input":{"@type":"PropertyValueSpecification","valueRequired":true,"valueName":"search_term_string"}}],"inLanguage":"de"},{"@type":"Organization","@id":"https:\/\/corporate.lookingforbooking.nl\/de\/#organization","name":"LookingforBooking Corporate Travel","url":"https:\/\/corporate.lookingforbooking.nl\/de\/","logo":{"@type":"ImageObject","inLanguage":"de","@id":"https:\/\/corporate.lookingforbooking.nl\/de\/#\/schema\/logo\/image\/","url":"https:\/\/corporate.lookingforbooking.nl\/wp-content\/uploads\/2025\/01\/l4b-white-1.svg","contentUrl":"https:\/\/corporate.lookingforbooking.nl\/wp-content\/uploads\/2025\/01\/l4b-white-1.svg","width":452,"height":60,"caption":"LookingforBooking Corporate Travel"},"image":{"@id":"https:\/\/corporate.lookingforbooking.nl\/de\/#\/schema\/logo\/image\/"}}]}},"_links":{"self":[{"href":"https:\/\/corporate.lookingforbooking.nl\/de\/wp-json\/wp\/v2\/pages\/3558","targetHints":{"allow":["GET"]}}],"collection":[{"href":"https:\/\/corporate.lookingforbooking.nl\/de\/wp-json\/wp\/v2\/pages"}],"about":[{"href":"https:\/\/corporate.lookingforbooking.nl\/de\/wp-json\/wp\/v2\/types\/page"}],"author":[{"embeddable":true,"href":"https:\/\/corporate.lookingforbooking.nl\/de\/wp-json\/wp\/v2\/users\/27"}],"replies":[{"embeddable":true,"href":"https:\/\/corporate.lookingforbooking.nl\/de\/wp-json\/wp\/v2\/comments?post=3558"}],"version-history":[{"count":0,"href":"https:\/\/corporate.lookingforbooking.nl\/de\/wp-json\/wp\/v2\/pages\/3558\/revisions"}],"wp:featuredmedia":[{"embeddable":true,"href":"https:\/\/corporate.lookingforbooking.nl\/de\/wp-json\/wp\/v2\/media\/2902"}],"wp:attachment":[{"href":"https:\/\/corporate.lookingforbooking.nl\/de\/wp-json\/wp\/v2\/media?parent=3558"}],"curies":[{"name":"wp","href":"https:\/\/api.w.org\/{rel}","templated":true}]}}